{"id":6,"date":"2020-09-21T14:04:42","date_gmt":"2020-09-21T14:04:42","guid":{"rendered":"https:\/\/www.myinfo.pt\/?page_id=6"},"modified":"2020-09-23T15:44:17","modified_gmt":"2020-09-23T15:44:17","slug":"the-new-umoma-opens-its-doors-2","status":"publish","type":"page","link":"https:\/\/www.myinfo.pt\/","title":{"rendered":"Tem uma empresa ou neg\u00f3cio? Junte-se a n\u00f3s!"},"content":{"rendered":"\n<div class=\"wp-block-group alignwide\"><div class=\"wp-block-group__inner-container is-layout-flow wp-block-group-is-layout-flow\">\n<h5 class=\"has-text-align-center has-larger-font-size wp-block-heading\">Devido \u00e0 pandemia de COVID-19, as micro e pequenas empresas t\u00eam vindo a perder o seu destaque. Aqui, oferecemos uma maneira de expandir o seu neg\u00f3cio a maiores horizontes. Como? Saiba mais informa\u00e7\u00f5es abaixo!<\/h5>\n\n\n\n<div style=\"height:59px\" aria-hidden=\"true\" class=\"wp-block-spacer\"><\/div>\n\n\n\n<figure class=\"wp-block-image alignfull size-large is-style-default\"><img loading=\"lazy\" decoding=\"async\" width=\"1024\" height=\"26\" src=\"https:\/\/www.myinfo.pt\/wp-content\/uploads\/2020\/09\/Separator-1024x26.png\" alt=\"\" class=\"wp-image-129\" srcset=\"https:\/\/www.myinfo.pt\/wp-content\/uploads\/2020\/09\/Separator-1024x26.png 1024w, https:\/\/www.myinfo.pt\/wp-content\/uploads\/2020\/09\/Separator-300x8.png 300w, https:\/\/www.myinfo.pt\/wp-content\/uploads\/2020\/09\/Separator-768x20.png 768w, https:\/\/www.myinfo.pt\/wp-content\/uploads\/2020\/09\/Separator-1200x31.png 1200w, https:\/\/www.myinfo.pt\/wp-content\/uploads\/2020\/09\/Separator.png 1207w\" sizes=\"auto, (max-width: 1024px) 100vw, 1024px\" \/><\/figure>\n\n\n\n<p><\/p>\n<\/div><\/div>\n\n\n\n<div class=\"wp-block-columns alignwide is-layout-flex wp-container-core-columns-is-layout-9d6595d7 wp-block-columns-is-layout-flex\">\n<div class=\"wp-block-column is-layout-flow wp-block-column-is-layout-flow\">\n<div class=\"wp-block-group\"><div class=\"wp-block-group__inner-container is-layout-flow wp-block-group-is-layout-flow\">\n<figure class=\"wp-block-image alignfull size-large is-style-default\"><img loading=\"lazy\" decoding=\"async\" width=\"584\" height=\"439\" src=\"https:\/\/www.myinfo.pt\/wp-content\/uploads\/2020\/09\/FirstTile-2.png\" alt=\"\" class=\"wp-image-118\" srcset=\"https:\/\/www.myinfo.pt\/wp-content\/uploads\/2020\/09\/FirstTile-2.png 584w, https:\/\/www.myinfo.pt\/wp-content\/uploads\/2020\/09\/FirstTile-2-300x226.png 300w\" sizes=\"auto, (max-width: 584px) 100vw, 584px\" \/><\/figure>\n\n\n\n<h3 class=\"has-text-align-center wp-block-heading\">Sites Gr\u00e1tis<\/h3>\n\n\n\n<h6 class=\"wp-block-heading\">Oferecemos a 1\u00aa p\u00e1gina que servir\u00e1 de apresenta\u00e7\u00e3o \u00e0 sua empresa ou neg\u00f3cio!<\/h6>\n\n\n\n<h6 class=\"wp-block-heading\">ALOJAMOS O SITE SOBRE O DOM\u00cdNIO MYINFO.PT!<\/h6>\n<\/div><\/div>\n\n\n\n<div class=\"wp-block-group is-layout-flow wp-block-group-is-layout-flow\"><div class=\"wp-block-group__inner-container\"><\/div><\/div>\n<\/div>\n\n\n\n<div class=\"wp-block-column is-layout-flow wp-block-column-is-layout-flow\">\n<div class=\"wp-block-group\"><div class=\"wp-block-group__inner-container is-layout-flow wp-block-group-is-layout-flow\">\n<figure class=\"wp-block-image alignfull size-large\"><img loading=\"lazy\" decoding=\"async\" width=\"584\" height=\"439\" src=\"https:\/\/www.myinfo.pt\/wp-content\/uploads\/2020\/09\/SecondTile-1.png\" alt=\"\" class=\"wp-image-119\" srcset=\"https:\/\/www.myinfo.pt\/wp-content\/uploads\/2020\/09\/SecondTile-1.png 584w, https:\/\/www.myinfo.pt\/wp-content\/uploads\/2020\/09\/SecondTile-1-300x226.png 300w\" sizes=\"auto, (max-width: 584px) 100vw, 584px\" \/><\/figure>\n\n\n\n<h3 class=\"has-text-align-center wp-block-heading\">Introdu\u00e7\u00e3o no Google<\/h3>\n\n\n\n<h6 class=\"wp-block-heading\">fazemos a introdu\u00e7\u00e3o da sua empresa ou neg\u00f3cio na base de dados da google para que seja poss\u00edvel encontr\u00e1-lo em pesquisas online e no maps!<\/h6>\n\n\n\n<p><\/p>\n<\/div><\/div>\n\n\n\n<div class=\"wp-block-group is-layout-flow wp-block-group-is-layout-flow\"><div class=\"wp-block-group__inner-container\"><\/div><\/div>\n<\/div>\n<\/div>\n\n\n\n<div class=\"wp-block-group alignwide\"><div class=\"wp-block-group__inner-container is-layout-flow wp-block-group-is-layout-flow\">\n<div class=\"wp-block-group\"><div class=\"wp-block-group__inner-container is-layout-flow wp-block-group-is-layout-flow\">\n<figure class=\"wp-block-image alignfull size-large is-style-default\"><img loading=\"lazy\" decoding=\"async\" width=\"1024\" height=\"26\" src=\"https:\/\/www.myinfo.pt\/wp-content\/uploads\/2020\/09\/Separator-2-1024x26.png\" alt=\"\" class=\"wp-image-136\" srcset=\"https:\/\/www.myinfo.pt\/wp-content\/uploads\/2020\/09\/Separator-2-1024x26.png 1024w, https:\/\/www.myinfo.pt\/wp-content\/uploads\/2020\/09\/Separator-2-300x8.png 300w, https:\/\/www.myinfo.pt\/wp-content\/uploads\/2020\/09\/Separator-2-768x20.png 768w, https:\/\/www.myinfo.pt\/wp-content\/uploads\/2020\/09\/Separator-2-1200x31.png 1200w, https:\/\/www.myinfo.pt\/wp-content\/uploads\/2020\/09\/Separator-2.png 1207w\" sizes=\"auto, (max-width: 1024px) 100vw, 1024px\" \/><\/figure>\n<\/div><\/div>\n\n\n\n<h2 class=\"has-text-align-center wp-block-heading\" style=\"font-size:30px\">Os nossos contactos est\u00e3o presentes abaixo, se acha que o podemos ajudar, n\u00e3o hesite em contactar! Estamos \u00e0 sua espera!<\/h2>\n<\/div><\/div>\n\n\n\n<p><\/p>\n","protected":false},"excerpt":{"rendered":"<p>Devido \u00e0 pandemia de COVID-19, as micro e pequenas empresas t\u00eam vindo a perder o seu destaque. Aqui, oferecemos uma maneira de expandir o seu neg\u00f3cio a maiores horizontes. Como? Saiba mais informa\u00e7\u00f5es abaixo! Sites Gr\u00e1tis Oferecemos a 1\u00aa p\u00e1gina que servir\u00e1 de apresenta\u00e7\u00e3o \u00e0 sua empresa ou neg\u00f3cio! ALOJAMOS O SITE SOBRE O DOM\u00cdNIO [&hellip;]<\/p>\n","protected":false},"author":1,"featured_media":61,"parent":0,"menu_order":0,"comment_status":"closed","ping_status":"closed","template":"templates\/template-full-width.php","meta":{"footnotes":""},"class_list":["post-6","page","type-page","status-publish","has-post-thumbnail","hentry"],"_links":{"self":[{"href":"https:\/\/www.myinfo.pt\/index.php\/wp-json\/wp\/v2\/pages\/6","targetHints":{"allow":["GET"]}}],"collection":[{"href":"https:\/\/www.myinfo.pt\/index.php\/wp-json\/wp\/v2\/pages"}],"about":[{"href":"https:\/\/www.myinfo.pt\/index.php\/wp-json\/wp\/v2\/types\/page"}],"author":[{"embeddable":true,"href":"https:\/\/www.myinfo.pt\/index.php\/wp-json\/wp\/v2\/users\/1"}],"replies":[{"embeddable":true,"href":"https:\/\/www.myinfo.pt\/index.php\/wp-json\/wp\/v2\/comments?post=6"}],"version-history":[{"count":53,"href":"https:\/\/www.myinfo.pt\/index.php\/wp-json\/wp\/v2\/pages\/6\/revisions"}],"predecessor-version":[{"id":141,"href":"https:\/\/www.myinfo.pt\/index.php\/wp-json\/wp\/v2\/pages\/6\/revisions\/141"}],"wp:featuredmedia":[{"embeddable":true,"href":"https:\/\/www.myinfo.pt\/index.php\/wp-json\/wp\/v2\/media\/61"}],"wp:attachment":[{"href":"https:\/\/www.myinfo.pt\/index.php\/wp-json\/wp\/v2\/media?parent=6"}],"curies":[{"name":"wp","href":"https:\/\/api.w.org\/{rel}","templated":true}]}}